{"id":2106,"date":"2023-11-13T13:20:39","date_gmt":"2023-11-13T13:20:39","guid":{"rendered":"https:\/\/ypsilon.group\/legal-notice\/"},"modified":"2025-11-21T14:52:05","modified_gmt":"2025-11-21T14:52:05","slug":"legal-notice","status":"publish","type":"page","link":"https:\/\/ypsilon.group\/en\/legal-notice\/","title":{"rendered":"Legal notice"},"content":{"rendered":"\t\t<div data-elementor-type=\"wp-page\" data-elementor-id=\"2106\" class=\"elementor elementor-2106 elementor-58\" data-elementor-post-type=\"page\">\n\t\t\t\t<div class=\"elementor-element elementor-element-24c0233 e-flex e-con-boxed e-con e-parent\" data-id=\"24c0233\" data-element_type=\"container\" data-e-type=\"container\">\n\t\t\t\t\t<div class=\"e-con-inner\">\n\t\t\t\t<div class=\"elementor-element elementor-element-ba1421f elementor-widget__width-inherit elementor-widget elementor-widget-heading\" data-id=\"ba1421f\" data-element_type=\"widget\" data-e-type=\"widget\" data-widget_type=\"heading.default\">\n\t\t\t\t<div class=\"elementor-widget-container\">\n\t\t\t\t\t<h2 class=\"elementor-heading-title elementor-size-default\">Legal notice<\/h2>\t\t\t\t<\/div>\n\t\t\t\t<\/div>\n\t\t\t\t<div class=\"elementor-element elementor-element-f2f4d39 elementor-widget__width-inherit elementor-widget elementor-widget-text-editor\" data-id=\"f2f4d39\" data-element_type=\"widget\" data-e-type=\"widget\" data-widget_type=\"text-editor.default\">\n\t\t\t\t<div class=\"elementor-widget-container\">\n\t\t\t\t\t\t\t\t\t<p>Company information according to Section 5 German Telemedia Act (TMG) and Sections 2,3 Service Information Obligations Ordinance (DL-InfoV) and Section 18 paragraph 2 Media State Treaty (MStV).<\/p>\n\t\t\t\t\t\t\t\t<\/div>\n\t\t\t\t<\/div>\n\t\t\t\t<div class=\"elementor-element elementor-element-b3bb70f elementor-widget__width-inherit elementor-widget elementor-widget-text-editor\" data-id=\"b3bb70f\" data-element_type=\"widget\" data-e-type=\"widget\" data-widget_type=\"text-editor.default\">\n\t\t\t\t<div class=\"elementor-widget-container\">\n\t\t\t\t\t\t\t\t\t<p>This website constitutes the internet presences of the following companies:<\/p>\n<p><strong>Ypsilon GmbH\u00a0<\/strong><strong style=\"color: var( --e-global-color-text ); text-align: var(--text-align); background-color: var( --e-global-color-primary );\">Steuerberatungsgesellschaft<\/strong><\/p>\n<p>Phone: <a class=\"black\" href=\"http:\/\/tel.+4922158608000\">+49 221 58608-000<\/a><br \/>Email: <a class=\"black\" href=\"mailto:info@ypsilon.group\">info@ypsilon.group<\/a><br \/>Beethovenstr. 5-13<br \/>50674 Cologne<\/p>\n<p>Management Director: Dr. Raimund Behnes (RA\/StB), Ulrich Creydt (StB), Mirko G\u00f6ssing (WP\/StB), Tobias Hangl (StB), Holger Harloff (StB), Bj\u00f6rn Hofmann (StB), Thorsten Holst (WP\/StB), Georg Keller (RA\/StB), Maximilian Kerndl (RA), Christian Klein (WP\/StB), Peter Lenz (WP), Stephan Lindermann (WP, StB), Michael Mader (StB), Johannes N\u00f6lke (StB), Claudia Pache (StB), Dr. Martin Poggemann (RA\/StB), Nina Schmidt (StB)<\/p>\n<p>Accounting and auditing company, registered office: Cologne<br \/>Registry Court: Cologne, HRB 104257, VAT ID No. DE 308491871<br \/>Legal form: limited liability company<\/p>\n\t\t\t\t\t\t\t\t<\/div>\n\t\t\t\t<\/div>\n\t\t\t\t<div class=\"elementor-element elementor-element-833de3c elementor-widget__width-inherit elementor-widget elementor-widget-text-editor\" data-id=\"833de3c\" data-element_type=\"widget\" data-e-type=\"widget\" data-widget_type=\"text-editor.default\">\n\t\t\t\t<div class=\"elementor-widget-container\">\n\t\t\t\t\t\t\t\t\t<p><strong>Ypsilon Audit GmbH Wirtschaftspr\u00fcfungsgesellschaft<\/strong><\/p>\n<p>Phone: <a class=\"black\" href=\"tel.+4954590000\">+49 211 54590-000<\/a><br \/>Email: <a class=\"black\" href=\"mailto:info@ypsilon.group\">info@ypsilon.group<\/a><br \/>Bahnstra\u00dfe 16<br \/>40212 D\u00fcsseldorf<\/p>\n<p>Management Director: Mirko G\u00f6ssing (WP\/StB), Thorsten Holst (WP\/StB), Christian Klein (WP\/StB), Peter Lenz (WP), Stephan Lindermann (WP\/StB), Wolfgang von Thermann (WP\/StB)<\/p>\n<p>Accounting and auditing company, registered office: D\u00fcsseldorf<br \/>Registry Court: D\u00fcsseldorf, HRB 1268, VAT ID No. DE347738806<br \/>Legal form: limited liability company<\/p>\n\t\t\t\t\t\t\t\t<\/div>\n\t\t\t\t<\/div>\n\t\t\t\t<div class=\"elementor-element elementor-element-26d89e4 elementor-widget__width-inherit elementor-widget elementor-widget-text-editor\" data-id=\"26d89e4\" data-element_type=\"widget\" data-e-type=\"widget\" data-widget_type=\"text-editor.default\">\n\t\t\t\t<div class=\"elementor-widget-container\">\n\t\t\t\t\t\t\t\t\t<p><strong>Ypsilon LAW GmbH Rechtsanwaltsgesellschaft<\/strong><\/p>\n<p>Phone: <a class=\"black\" href=\"tel.+492212927960\">+49 221 58608-000<\/a><br \/>Email: <a class=\"black\" href=\"mailto:info@ypsilon.group\">info@ypsilon.group<\/a><br \/>Beethovenstr. 5-13<br \/>50674 Cologne<\/p>\n<p>Management Director: Dr. Raimund Behnes (RA\/StB), Georg Keller (RA\/StB), Maximilian Kerndl (RA), Dr. Martin Poggemann (RA\/StB)<\/p>\n<p>Law firm, registered office: Registry Court: Cologne, HRB 94766, VAT ID No. DE 119496714<br \/>Legal form: limited liability company<\/p>\n\t\t\t\t\t\t\t\t<\/div>\n\t\t\t\t<\/div>\n\t\t\t\t<div class=\"elementor-element elementor-element-868c14c elementor-widget__width-inherit elementor-widget elementor-widget-text-editor\" data-id=\"868c14c\" data-element_type=\"widget\" data-e-type=\"widget\" data-widget_type=\"text-editor.default\">\n\t\t\t\t<div class=\"elementor-widget-container\">\n\t\t\t\t\t\t\t\t\t<p>The contents of the publications and other information available on this page are the responsibility of:<br \/>Maximilian Kerndl <br \/>Beethovenstr. 5-13<br \/>50674 Cologne<\/p>\n\t\t\t\t\t\t\t\t<\/div>\n\t\t\t\t<\/div>\n\t\t\t\t<div class=\"elementor-element elementor-element-e75bb6e elementor-widget__width-inherit elementor-widget elementor-widget-heading\" data-id=\"e75bb6e\" data-element_type=\"widget\" data-e-type=\"widget\" data-widget_type=\"heading.default\">\n\t\t\t\t<div class=\"elementor-widget-container\">\n\t\t\t\t\t<h3 class=\"elementor-heading-title elementor-size-default\">Competent supervisory authority<\/h3>\t\t\t\t<\/div>\n\t\t\t\t<\/div>\n\t\t\t\t<div class=\"elementor-element elementor-element-195f9c1 elementor-widget__width-inherit elementor-widget elementor-widget-text-editor\" data-id=\"195f9c1\" data-element_type=\"widget\" data-e-type=\"widget\" data-widget_type=\"text-editor.default\">\n\t\t\t\t<div class=\"elementor-widget-container\">\n\t\t\t\t\t\t\t\t\t<ul>\n<li>Rechtsanwaltskammer K\u00f6ln, Riehler Stra\u00dfe 30, 50668 Cologne<\/li>\n<li>Wirtschaftspr\u00fcferkammer Kd\u00f6R, Rauchstra\u00dfe 26, 10787 Berlin<\/li>\n<li>Steuerberaterkammer K\u00f6ln, Gereonstra\u00dfe 34, 50670 Cologne<\/li>\n<\/ul>\n<p><\/p>\n<div><\/div>\n<p><\/p>\n<div>All tax advisors are appointed in the Federal Republic of Germany.<\/div>\n<p><\/p>\n<div><\/div>\n<p><\/p>\n<div>All lawyers are registered in the Federal Republic of Germany.<\/div>\n<p><\/p>\n<div><\/div>\n<p><\/p>\n<div>All auditors are registered in the Federal Republic of Germany.<\/div>\n<p><\/p>\n<div><\/div>\n<p><\/p>\n<div>The tax advisors&#8217; professional regulations are the Tax Consulting Act (StBerG), the Implementing Regulation of the Tax Consulting Act (DVSTB), the Professional Code for Tax Advisers (BoStB) and the Compensation Regulation for Tax Advisers (StBVV). On the website of the German Federal Chamber of Tax Consultants <a class=\"black\" href=\"http:\/\/www.bstbk.de\/\" target=\"_blank\" rel=\"noopener\">www.bstbk.de<\/a> the professional regulations in their current version can be viewed.<\/div>\n<p><\/p>\n<div><\/div>\n<p><\/p>\n<div>The professional regulations of lawyers are the Federal Lawyers Act (BRAO), the Professional Code for Lawyers (BORA), the Specialist Lawyers\u2019 Code (FAO), the Lawyers\u2019 Fees Act (RVG), the Legal Services Act (RDG) and the Professional Regulations of Lawyers in the European Union. On the website of the Bundesrechtsanwaltskammer [Federal Bar Association] <a class=\"black\" href=\"http:\/\/www.brak.de\/\" target=\"_blank\" rel=\"noopener\">www.brak.de<\/a> the professional regulations in their current version can be viewed.<\/div>\n<p><\/p>\n<div><\/div>\n<p><\/p>\n<div>The professional regulations of auditors are the Code of Auditors (WPO), the Professional Regulations for Auditors\/Certified Accountants (BS WP\/vBP), the Statutes for Quality Control, the Professional Accountants Insurance Regulation (WPBHV); these can be viewed at <a class=\"black\" href=\"http:\/\/www.wpk.de\/\" target=\"_blank\" rel=\"noopener\">www.wpk.de<\/a><\/div>\n<p><\/p>\n<div><\/div>\n<p><\/p>\n<div>The professional liability insurance is with VSW Die Versicherergemeinschaft f\u00fcr Steuerberater und Wirtschaftspr\u00fcfer, Dotzheimer Str. 23, 65185 Wiesbaden. The geographical scope of the insurance cover includes services at least in the member states of the European Union and meets at least the requirements of Section 54 of the Code of Auditors (WPO) in conjunction with the Ordinance on Professional Liability Insurance for Auditors and Sworn Auditors as well as Section 67 of the Tax Consulting Act (StBerG), Sections 51 et seq. Ordinance on the Implementation of the Regulations on Tax Consultants, Tax Agents and Tax Consultancy Companies (DVStB) and Section 51, Section 51a of the Federal Lawyers Act (BRAO).<\/div>\n\t\t\t\t\t\t\t\t<\/div>\n\t\t\t\t<\/div>\n\t\t\t\t<div class=\"elementor-element elementor-element-4ec72b3 elementor-widget__width-inherit elementor-widget elementor-widget-heading\" data-id=\"4ec72b3\" data-element_type=\"widget\" data-e-type=\"widget\" data-widget_type=\"heading.default\">\n\t\t\t\t<div class=\"elementor-widget-container\">\n\t\t\t\t\t<h3 class=\"elementor-heading-title elementor-size-default\">General obligation to provide information pursuant to Section 36 Consumer Protection Act<\/h3>\t\t\t\t<\/div>\n\t\t\t\t<\/div>\n\t\t\t\t<div class=\"elementor-element elementor-element-8b352aa elementor-widget__width-inherit elementor-widget elementor-widget-text-editor\" data-id=\"8b352aa\" data-element_type=\"widget\" data-e-type=\"widget\" data-widget_type=\"text-editor.default\">\n\t\t\t\t<div class=\"elementor-widget-container\">\n\t\t\t\t\t\t\t\t\t<p>ZThe competent consumer arbitration body in Germany for property disputes arising from a mandate relationship is the arbitration board of the chamber of lawyers, Neue Gr\u00fcnstra\u00dfe 17, 10179 Berlin, <a class=\"black\" href=\"https:\/\/www.schlichtungsstelle-der-rechtsanwaltschaft.de\" target=\"_blank\" rel=\"noopener\">www.schlichtungsstelle-der-rechtsanwaltschaft.de<\/a>.<\/p>\n\t\t\t\t\t\t\t\t<\/div>\n\t\t\t\t<\/div>\n\t\t\t\t<div class=\"elementor-element elementor-element-956aa6c elementor-widget__width-inherit elementor-widget elementor-widget-heading\" data-id=\"956aa6c\" data-element_type=\"widget\" data-e-type=\"widget\" data-widget_type=\"heading.default\">\n\t\t\t\t<div class=\"elementor-widget-container\">\n\t\t\t\t\t<h3 class=\"elementor-heading-title elementor-size-default\">Exclusion of Liability<\/h3>\t\t\t\t<\/div>\n\t\t\t\t<\/div>\n\t\t\t\t<div class=\"elementor-element elementor-element-1d78d87 elementor-widget__width-inherit elementor-widget elementor-widget-text-editor\" data-id=\"1d78d87\" data-element_type=\"widget\" data-e-type=\"widget\" data-widget_type=\"text-editor.default\">\n\t\t\t\t<div class=\"elementor-widget-container\">\n\t\t\t\t\t\t\t\t\t<p>On this website you will find information of a general nature. This is neither intended to nor suitable for replacing individual advice by competent persons, taking into account the specific circumstances of each individual case. We have taken the utmost care in its compilation. However, we cannot accept any liability whatsoever for its accuracy, topicality and completeness. For more detailed and individual information, please contact us.<\/p>\n<p>Furthermore, we assume no liability for the content of external websites to which this website refers directly or indirectly via hyperlinks and over which we have no influence.<\/p>\n\t\t\t\t\t\t\t\t<\/div>\n\t\t\t\t<\/div>\n\t\t\t\t\t<\/div>\n\t\t\t\t<\/div>\n\t\t\t\t<\/div>\n\t\t","protected":false},"excerpt":{"rendered":"<p>Legal notice Company information according to Section 5 German Telemedia Act (TMG) and Sections 2,3 Service Information Obligations Ordinance (DL-InfoV) and Section 18 paragraph 2 Media State Treaty (MStV). This website constitutes the internet presences of the following companies: Ypsilon GmbH\u00a0Steuerberatungsgesellschaft Phone: +49 221 58608-000Email: info@ypsilon.groupBeethovenstr. 5-1350674 Cologne Management Director: Dr. Raimund Behnes (RA\/StB), Ulrich [&hellip;]<\/p>\n","protected":false},"author":2,"featured_media":0,"parent":0,"menu_order":0,"comment_status":"closed","ping_status":"closed","template":"elementor_header_footer","meta":{"footnotes":""},"class_list":["post-2106","page","type-page","status-publish","hentry"],"_links":{"self":[{"href":"https:\/\/ypsilon.group\/en\/wp-json\/wp\/v2\/pages\/2106","targetHints":{"allow":["GET"]}}],"collection":[{"href":"https:\/\/ypsilon.group\/en\/wp-json\/wp\/v2\/pages"}],"about":[{"href":"https:\/\/ypsilon.group\/en\/wp-json\/wp\/v2\/types\/page"}],"author":[{"embeddable":true,"href":"https:\/\/ypsilon.group\/en\/wp-json\/wp\/v2\/users\/2"}],"replies":[{"embeddable":true,"href":"https:\/\/ypsilon.group\/en\/wp-json\/wp\/v2\/comments?post=2106"}],"version-history":[{"count":4,"href":"https:\/\/ypsilon.group\/en\/wp-json\/wp\/v2\/pages\/2106\/revisions"}],"predecessor-version":[{"id":5261,"href":"https:\/\/ypsilon.group\/en\/wp-json\/wp\/v2\/pages\/2106\/revisions\/5261"}],"wp:attachment":[{"href":"https:\/\/ypsilon.group\/en\/wp-json\/wp\/v2\/media?parent=2106"}],"curies":[{"name":"wp","href":"https:\/\/api.w.org\/{rel}","templated":true}]}}